{"id":1806,"date":"2016-03-03T03:34:03","date_gmt":"2016-03-03T03:34:03","guid":{"rendered":"https:\/\/nilmekatronik.com\/?page_id=1806"},"modified":"2024-07-03T07:03:55","modified_gmt":"2024-07-03T07:03:55","slug":"iletisim","status":"publish","type":"page","link":"https:\/\/nilmekatronik.com\/index.php\/iletisim\/","title":{"rendered":"ileti\u015fim"},"content":{"rendered":"<div class=\"fusion-fullwidth fullwidth-box fusion-builder-row-1 fusion-flex-container fusion-parallax-fixed hundred-percent-fullwidth non-hundred-percent-height-scrolling\" style=\"background-color: #ffffff;background-image: url(&quot;https:\/\/nilmekatronik.com\/wp-content\/uploads\/2020\/09\/banner2.jpg&quot;);background-position: center top;background-repeat: no-repeat;border-width: 0px 0px 0px 0px;border-color:#eae9e9;border-style:solid;-webkit-background-size:cover;-moz-background-size:cover;-o-background-size:cover;background-size:cover;background-attachment:fixed;\" ><div class=\"fusion-builder-row fusion-row fusion-flex-align-items-flex-start\" style=\"width:104% !important;max-width:104% !important;margin-left: calc(-4% \/ 2 );margin-right: calc(-4% \/ 2 );\"><div class=\"fusion-layout-column fusion_builder_column fusion-builder-column-0 fusion_builder_column_1_3 1_3 fusion-flex-column fusion-flex-align-self-stretch\"><div class=\"fusion-column-wrapper fusion-column-has-shadow fusion-flex-justify-content-flex-start fusion-content-layout-column\" style=\"background-position:left top;background-repeat:no-repeat;-webkit-background-size:cover;-moz-background-size:cover;-o-background-size:cover;background-size:cover;border-radius:12px 12px 12px 12px;background-color:rgba(0,0,0,0);border-width: 1px 1px 1px 1px;border-color:rgba(0,0,0,0);border-style:solid;border-radius:12px 12px 12px 12px;overflow:hidden;box-shadow:0px 10px 29px -14px rgba(0,0,0,0.15);;padding: 27px 16px 0px 9px;\"><ul class=\"fusion-checklist fusion-checklist-1\" style=\"font-size:21px;line-height:35.7px;\"><li style=\"background-color:rgba(255,255,255,0);\" class=\"fusion-li-item\"><span style=\"height:35.7px;width:35.7px;margin-right:14.7px;\" class=\"icon-wrapper circle-no\"><i class=\"fusion-li-icon fa-edit fas\" style=\"color:#a0ce4e;\" aria-hidden=\"true\"><\/i><\/span><div class=\"fusion-li-item-content\" style=\"margin-left:50.4px;color:#494949;\">\n<p style=\"text-align: center;\">Bize Yaz\u0131n<\/p>\n<\/div><\/li><\/ul>\n<div class=\"wpcf7 no-js\" id=\"wpcf7-f29-o1\" lang=\"tr-TR\" dir=\"ltr\">\n<div class=\"screen-reader-response\"><p role=\"status\" aria-live=\"polite\" aria-atomic=\"true\"><\/p> <ul><\/ul><\/div>\n<form action=\"\/index.php\/wp-json\/wp\/v2\/pages\/1806#wpcf7-f29-o1\" method=\"post\" class=\"wpcf7-form init\" aria-label=\"Contact form\" novalidate=\"novalidate\" data-status=\"init\">\n<div style=\"display: none;\">\n<input type=\"hidden\" name=\"_wpcf7\" value=\"29\" \/>\n<input type=\"hidden\" name=\"_wpcf7_version\" value=\"5.8.7\" \/>\n<input type=\"hidden\" name=\"_wpcf7_locale\" value=\"tr_TR\" \/>\n<input type=\"hidden\" name=\"_wpcf7_unit_tag\" value=\"wpcf7-f29-o1\" \/>\n<input type=\"hidden\" name=\"_wpcf7_container_post\" value=\"0\" \/>\n<input type=\"hidden\" name=\"_wpcf7_posted_data_hash\" value=\"\" \/>\n<\/div>\n<p><label> \u0130sim<br \/>\n<span class=\"wpcf7-form-control-wrap\" data-name=\"your-name\"><input size=\"40\" class=\"wpcf7-form-control wpcf7-text wpcf7-validates-as-required\" aria-required=\"true\" aria-invalid=\"false\" value=\"\" type=\"text\" name=\"your-name\" \/><\/span> <\/label>\n<\/p>\n<p><label> E-posta adresiniz (gerekli)<br \/>\n<span class=\"wpcf7-form-control-wrap\" data-name=\"your-email\"><input size=\"40\" class=\"wpcf7-form-control wpcf7-email wpcf7-validates-as-required wpcf7-text wpcf7-validates-as-email\" aria-required=\"true\" aria-invalid=\"false\" value=\"\" type=\"email\" name=\"your-email\" \/><\/span> <\/label>\n<\/p>\n<p><label> Konu<br \/>\n<span class=\"wpcf7-form-control-wrap\" data-name=\"your-subject\"><input size=\"40\" class=\"wpcf7-form-control wpcf7-text\" aria-invalid=\"false\" value=\"\" type=\"text\" name=\"your-subject\" \/><\/span> <\/label>\n<\/p>\n<p><label> \u0130letiniz<br \/>\n<span class=\"wpcf7-form-control-wrap\" data-name=\"your-message\"><textarea cols=\"40\" rows=\"10\" class=\"wpcf7-form-control wpcf7-textarea\" aria-invalid=\"false\" name=\"your-message\"><\/textarea><\/span> <\/label>\n<\/p>\n<p><input class=\"wpcf7-form-control wpcf7-submit has-spinner\" type=\"submit\" value=\"G\u00f6nder\" \/>\n<\/p><div class=\"fusion-alert alert custom alert-custom fusion-alert-center wpcf7-response-output fusion-alert-capitalize alert-dismissable\" role=\"alert\" style=\"border-width:1px;\"><div class=\"fusion-alert-content-wrapper\"><span class=\"fusion-alert-content\"><\/span><\/div><button type=\"button\" class=\"close toggle-alert\" data-dismiss=\"alert\" aria-label=\"Close\">&times;<\/button><\/div>\n<\/form>\n<\/div>\n<\/div><style type=\"text\/css\">.fusion-body .fusion-builder-column-0{width:33.333333333333% !important;margin-top : 15px;margin-bottom : 0px;}.fusion-builder-column-0 > .fusion-column-wrapper {padding-top : 27px !important;padding-right : 16px !important;margin-right : 8.352%;padding-bottom : 0px !important;padding-left : 9px !important;margin-left : 10.368%;}@media only screen and (max-width:1024px) {.fusion-body .fusion-builder-column-0{width:100% !important;}.fusion-builder-column-0 > .fusion-column-wrapper {margin-right : 1.92%;margin-left : 1.92%;}}@media only screen and (max-width:640px) {.fusion-body .fusion-builder-column-0{width:100% !important;}.fusion-builder-column-0 > .fusion-column-wrapper {margin-right : 1.92%;margin-left : 1.92%;}}<\/style><\/div><div class=\"fusion-layout-column fusion_builder_column fusion-builder-column-1 fusion_builder_column_1_3 1_3 fusion-flex-column fusion-flex-align-self-stretch\"><div class=\"fusion-column-wrapper fusion-column-has-shadow fusion-flex-justify-content-center fusion-content-layout-column\" style=\"background-position:left top;background-repeat:no-repeat;-webkit-background-size:cover;-moz-background-size:cover;-o-background-size:cover;background-size:cover;border-radius:12px 12px 12px 12px;background-color:rgba(0,0,0,0);border-width: 1px 1px 1px 1px;border-color:rgba(0,0,0,0);border-style:solid;border-radius:12px 12px 12px 12px;overflow:hidden;box-shadow:0px 10px 29px -14px rgba(0,0,0,0.15);;padding: 1px 10px 0px 23px;\"><div ><style>.element-bottomshadow.imageframe-1:before, .element-bottomshadow.imageframe-1:after{-webkit-box-shadow: 0 17px 10px rgba(0,0,0,0.4);box-shadow: 0 17px 10px rgba(0,0,0,0.4);}<\/style><div class=\"awb-image-frame awb-image-frame-1 fusion-image-frame-bottomshadow image-frame-shadow-1\"><span class=\" fusion-imageframe imageframe-bottomshadow imageframe-1 element-bottomshadow hover-type-none\"><img decoding=\"async\" width=\"1322\" height=\"802\" title=\"iletisim\" src=\"https:\/\/nilmekatronik.com\/wp-content\/uploads\/2020\/09\/iletisim.jpg\" alt class=\"img-responsive wp-image-20275\" srcset=\"https:\/\/nilmekatronik.com\/wp-content\/uploads\/2020\/09\/iletisim-200x121.jpg 200w, https:\/\/nilmekatronik.com\/wp-content\/uploads\/2020\/09\/iletisim-400x243.jpg 400w, https:\/\/nilmekatronik.com\/wp-content\/uploads\/2020\/09\/iletisim-600x364.jpg 600w, https:\/\/nilmekatronik.com\/wp-content\/uploads\/2020\/09\/iletisim-800x485.jpg 800w, https:\/\/nilmekatronik.com\/wp-content\/uploads\/2020\/09\/iletisim-1200x728.jpg 1200w, https:\/\/nilmekatronik.com\/wp-content\/uploads\/2020\/09\/iletisim.jpg 1322w\" sizes=\"(max-width: 1024px) 100vw, (max-width: 640px) 100vw, 400px\" \/><\/span><\/div><\/div><div class=\"fusion-text fusion-text-1\" style=\"text-align:center;font-size:20px;font-family:Arial, Helvetica, sans-serif;font-weight:400;\"><p><strong>\u00a0<\/strong><\/p>\n<p><strong>Nil Mekatronik A.\u015e.<\/strong><\/p>\n<p style=\"text-align: center;\">Adres : Osman Kavuncu Mh. \u015eehit Cengiz Sabuncu Sk. No:4\/A<\/p>\n<p style=\"text-align: center;\">Melikgazi KAYSER\u0130<\/p>\n<p style=\"text-align: center;\">Telefon : +90 (352) 332 06 45<\/p>\n<p style=\"text-align: center;\">Mobil &amp; WhatsApp<\/p>\n<p style=\"text-align: center;\">+90 (506) 181 71 66<\/p>\n\n<ul class=\"sxc-follow-buttons\">\n<li class=\"sxc-follow-button\">\n                                    <a\n                                        href=\"https:\/\/www.facebook.com\/nilelektronics\"\n                                        data-toggle=\"tooltip\"\n                                        title=\"Facebook\"\n                                        target=\"_blank\"\n                                    >\n                                        <img decoding=\"async\"\n                                            src=\"https:\/\/nilmekatronik.com\/wp-content\/plugins\/social-media-buttons-toolbar\/inc\/img\/social-media-icons\/facebook.png\"\n                                            alt=\"Facebook\"\n                                        \/>\n                                    <\/a>\n                              <\/li>\n<li class=\"sxc-follow-button\">\n                                    <a\n                                        href=\"https:\/\/twitter.com\/nilmekatronik\"\n                                        data-toggle=\"tooltip\"\n                                        title=\"Twitter\"\n                                        target=\"_blank\"\n                                    >\n                                        <img decoding=\"async\"\n                                            src=\"https:\/\/nilmekatronik.com\/wp-content\/plugins\/social-media-buttons-toolbar\/inc\/img\/social-media-icons\/twitter.png\"\n                                            alt=\"Twitter\"\n                                        \/>\n                                    <\/a>\n                              <\/li>\n<li class=\"sxc-follow-button\">\n                                    <a\n                                        href=\"https:\/\/www.instagram.com\/nilmekatronik\"\n                                        data-toggle=\"tooltip\"\n                                        title=\"Instagram\"\n                                        target=\"_blank\"\n                                    >\n                                        <img decoding=\"async\"\n                                            src=\"https:\/\/nilmekatronik.com\/wp-content\/plugins\/social-media-buttons-toolbar\/inc\/img\/social-media-icons\/instagram.png\"\n                                            alt=\"Instagram\"\n                                        \/>\n                                    <\/a>\n                              <\/li>\n<li class=\"sxc-follow-button\">\n                                    <a\n                                        href=\"https:\/\/www.youtube.com\/channel\/UCcMgklk6s8LEIh2-yvOYngA\"\n                                        data-toggle=\"tooltip\"\n                                        title=\"YouTube\"\n                                        target=\"_blank\"\n                                    >\n                                        <img decoding=\"async\"\n                                            src=\"https:\/\/nilmekatronik.com\/wp-content\/plugins\/social-media-buttons-toolbar\/inc\/img\/social-media-icons\/youtube.png\"\n                                            alt=\"YouTube\"\n                                        \/>\n                                    <\/a>\n                              <\/li>\n<li class=\"sxc-follow-button\">\n                                    <a\n                                        href=\"https:\/\/wa.me\/905061817166\"\n                                        data-toggle=\"tooltip\"\n                                        title=\"WhatsApp\"\n                                        target=\"_blank\"\n                                    >\n                                        <img decoding=\"async\"\n                                            src=\"https:\/\/nilmekatronik.com\/wp-content\/plugins\/social-media-buttons-toolbar\/inc\/img\/social-media-icons\/whatsapp.png\"\n                                            alt=\"WhatsApp\"\n                                        \/>\n                                    <\/a>\n                              <\/li>\n<\/ul>\n<script type='text\/javascript'>\n                    jQuery(document).ready(function($) {\n\n                        \/\/ Enable Bootstrap Tooltips\n                        $('[data-toggle=\"tooltip\"]').tooltip();\n\n                    });\n               <\/script>\n<p>Yurt i\u00e7i Kargo anla\u015fma numaras\u0131 \u00a0: <span style=\"color: #ff0000;\"><strong>395 354 969\u00a0<\/strong><\/span><\/p>\n<\/div><\/div><style type=\"text\/css\">.fusion-body .fusion-builder-column-1{width:33.333333333333% !important;margin-top : 15px;margin-bottom : 0px;}.fusion-builder-column-1 > .fusion-column-wrapper {padding-top : 1px !important;padding-right : 10px !important;margin-right : 23.904%;padding-bottom : 0px !important;padding-left : 23px !important;margin-left : 0%;}@media only screen and (max-width:1024px) {.fusion-body .fusion-builder-column-1{width:100% !important;}.fusion-builder-column-1 > .fusion-column-wrapper {margin-right : 1.92%;margin-left : 1.92%;}}@media only screen and (max-width:640px) {.fusion-body .fusion-builder-column-1{width:100% !important;}.fusion-builder-column-1 > .fusion-column-wrapper {margin-right : 1.92%;margin-left : 1.92%;}}<\/style><\/div><div class=\"fusion-layout-column fusion_builder_column fusion-builder-column-2 fusion_builder_column_1_3 1_3 fusion-flex-column\"><div class=\"fusion-column-wrapper fusion-flex-justify-content-flex-start fusion-content-layout-column\" style=\"background-position:left top;background-repeat:no-repeat;-webkit-background-size:cover;-moz-background-size:cover;-o-background-size:cover;background-size:cover;padding: 0px 0px 0px 0px;\"><\/div><style type=\"text\/css\">.fusion-body .fusion-builder-column-2{width:33.333333333333% !important;margin-top : 15px;margin-bottom : 15px;}.fusion-builder-column-2 > .fusion-column-wrapper {padding-top : 0px !important;padding-right : 0px !important;margin-right : 5.76%;padding-bottom : 0px !important;padding-left : 0px !important;margin-left : 8.64%;}@media only screen and (max-width:1024px) {.fusion-body .fusion-builder-column-2{width:100% !important;order : 0;}.fusion-builder-column-2 > .fusion-column-wrapper {margin-right : 1.92%;margin-left : 1.92%;}}@media only screen and (max-width:640px) {.fusion-body .fusion-builder-column-2{width:100% !important;order : 0;}.fusion-builder-column-2 > .fusion-column-wrapper {margin-right : 1.92%;margin-left : 1.92%;}}<\/style><\/div><div class=\"fusion-layout-column fusion_builder_column fusion-builder-column-3 fusion_builder_column_2_3 2_3 fusion-flex-column fusion-column-inner-bg-wrapper\"><div class=\"fusion-column-wrapper fusion-flex-justify-content-center fusion-content-layout-column\" style=\"border-width: 1px 1px 1px 1px;border-color:rgba(0,0,0,0);border-style:solid;border-radius:12px 12px 12px 12px;overflow:hidden;padding: 27px 0px 0px 0px;\"><div style=\"text-align:center;\"><style>.element-bottomshadow.imageframe-2:before, .element-bottomshadow.imageframe-2:after{-webkit-box-shadow: 0 17px 10px rgba(0,0,0,0.4);box-shadow: 0 17px 10px rgba(0,0,0,0.4);}.awb-image-frame.awb-image-frame-2{ margin-bottom : 33px;}<\/style><div class=\"awb-image-frame awb-image-frame-2 fusion-image-frame-bottomshadow image-frame-shadow-2\"><span class=\" fusion-imageframe imageframe-bottomshadow imageframe-2 element-bottomshadow hover-type-none\"><a class=\"fusion-no-lightbox\" href=\"https:\/\/goo.gl\/maps\/8A1vaGnQvuovK5kt6\" target=\"_blank\" aria-label=\"harita_son\" rel=\"noopener noreferrer\"><img decoding=\"async\" width=\"783\" height=\"351\" src=\"https:\/\/nilmekatronik.com\/wp-content\/uploads\/2024\/07\/harita_son.jpg\" alt class=\"img-responsive wp-image-20550\" srcset=\"https:\/\/nilmekatronik.com\/wp-content\/uploads\/2024\/07\/harita_son-200x90.jpg 200w, https:\/\/nilmekatronik.com\/wp-content\/uploads\/2024\/07\/harita_son-400x179.jpg 400w, https:\/\/nilmekatronik.com\/wp-content\/uploads\/2024\/07\/harita_son-600x269.jpg 600w, https:\/\/nilmekatronik.com\/wp-content\/uploads\/2024\/07\/harita_son.jpg 783w\" sizes=\"(max-width: 1024px) 100vw, (max-width: 640px) 100vw, 783px\" \/><\/a><\/span><\/div><\/div><\/div><span class=\"fusion-column-inner-bg hover-type-none\" style=\"overflow:hidden;border-radius:12px 12px 12px 12px;;\"><a class=\"fusion-column-anchor\" href=\"https:\/\/goo.gl\/maps\/8A1vaGnQvuovK5kt6\" rel=\"noopener noreferrer\" target=\"_blank\"><span class=\"fusion-column-inner-bg-image\" style=\"background-position:left top;background-repeat:no-repeat;-webkit-background-size:cover;-moz-background-size:cover;-o-background-size:cover;background-size:cover;border-radius:12px 12px 12px 12px;\"><\/span><\/a><\/span><style type=\"text\/css\">.fusion-body .fusion-builder-column-3{width:66.666666666667% !important;margin-top : 80px;margin-bottom : 0px;}.fusion-builder-column-3 > .fusion-column-wrapper {padding-top : 27px !important;padding-right : 0px !important;margin-right : 10.512%;padding-bottom : 0px !important;padding-left : 0px !important;margin-left : 2.88%;}.fusion-flex-container .fusion-row .fusion-builder-column-3 > .fusion-column-inner-bg { margin-right:10.512%;margin-left:2.88%; }@media only screen and (max-width:1024px) {.fusion-body .fusion-builder-column-3{width:100% !important;}.fusion-builder-column-3 > .fusion-column-wrapper {margin-right : 1.92%;margin-left : 1.92%;}.fusion-flex-container .fusion-row .fusion-builder-column-3 > .fusion-column-inner-bg { margin-right:1.92%;margin-left:1.92%; }}@media only screen and (max-width:640px) {.fusion-body .fusion-builder-column-3{width:100% !important;}.fusion-builder-column-3 > .fusion-column-wrapper {margin-right : 1.92%;margin-left : 1.92%;}.fusion-flex-container .fusion-row .fusion-builder-column-3 > .fusion-column-inner-bg { margin-right:1.92%;margin-left:1.92%; }}<\/style><\/div><div class=\"fusion-layout-column fusion_builder_column fusion-builder-column-4 fusion_builder_column_1_4 1_4 fusion-flex-column\"><div class=\"fusion-column-wrapper fusion-flex-justify-content-flex-start fusion-content-layout-column\" style=\"background-position:left top;background-repeat:no-repeat;-webkit-background-size:cover;-moz-background-size:cover;-o-background-size:cover;background-size:cover;padding: 0px 0px 0px 0px;\"><\/div><style type=\"text\/css\">.fusion-body .fusion-builder-column-4{width:25% !important;margin-top : 15px;margin-bottom : 15px;}.fusion-builder-column-4 > .fusion-column-wrapper {padding-top : 0px !important;padding-right : 0px !important;margin-right : 7.68%;padding-bottom : 0px !important;padding-left : 0px !important;margin-left : 5.76%;}@media only screen and (max-width:1024px) {.fusion-body .fusion-builder-column-4{width:100% !important;order : 0;}.fusion-builder-column-4 > .fusion-column-wrapper {margin-right : 1.92%;margin-left : 1.92%;}}@media only screen and (max-width:640px) {.fusion-body .fusion-builder-column-4{width:100% !important;order : 0;}.fusion-builder-column-4 > .fusion-column-wrapper {margin-right : 1.92%;margin-left : 1.92%;}}<\/style><\/div><\/div><style type=\"text\/css\">.fusion-body .fusion-flex-container.fusion-builder-row-1{ padding-top : 0px;margin-top : 0px;padding-right : 0px;padding-bottom : 0px;margin-bottom : 0px;padding-left : 0px;}<\/style><\/div>\n","protected":false},"excerpt":{"rendered":"","protected":false},"author":1,"featured_media":0,"parent":0,"menu_order":0,"comment_status":"closed","ping_status":"closed","template":"100-width.php","meta":{"_monsterinsights_skip_tracking":false,"_monsterinsights_sitenote_active":false,"_monsterinsights_sitenote_note":"","_monsterinsights_sitenote_category":0,"footnotes":""},"aioseo_notices":[],"_links":{"self":[{"href":"https:\/\/nilmekatronik.com\/index.php\/wp-json\/wp\/v2\/pages\/1806"}],"collection":[{"href":"https:\/\/nilmekatronik.com\/index.php\/wp-json\/wp\/v2\/pages"}],"about":[{"href":"https:\/\/nilmekatronik.com\/index.php\/wp-json\/wp\/v2\/types\/page"}],"author":[{"embeddable":true,"href":"https:\/\/nilmekatronik.com\/index.php\/wp-json\/wp\/v2\/users\/1"}],"replies":[{"embeddable":true,"href":"https:\/\/nilmekatronik.com\/index.php\/wp-json\/wp\/v2\/comments?post=1806"}],"version-history":[{"count":70,"href":"https:\/\/nilmekatronik.com\/index.php\/wp-json\/wp\/v2\/pages\/1806\/revisions"}],"predecessor-version":[{"id":20551,"href":"https:\/\/nilmekatronik.com\/index.php\/wp-json\/wp\/v2\/pages\/1806\/revisions\/20551"}],"wp:attachment":[{"href":"https:\/\/nilmekatronik.com\/index.php\/wp-json\/wp\/v2\/media?parent=1806"}],"curies":[{"name":"wp","href":"https:\/\/api.w.org\/{rel}","templated":true}]}}