{"id":17195,"date":"2015-10-05T12:37:36","date_gmt":"2015-10-05T12:37:36","guid":{"rendered":"https:\/\/nilmekatronik.com\/?post_type=product&#038;p=17195"},"modified":"2020-08-08T11:29:16","modified_gmt":"2020-08-08T11:29:16","slug":"atiker-beyin-tamiri","status":"publish","type":"product","link":"https:\/\/nilmekatronik.com\/index.php\/urun\/atiker-beyin-tamiri\/","title":{"rendered":"Atiker"},"content":{"rendered":"<p>Atiker Marka lpg beyinlerin onar\u0131m\u0131.<\/p>\n<p>G\u00f6rsel i\u00e7eriklerde b\u00fcnyemizde Simalat\u00f6r ve onar\u0131m\u0131 mevcut modelleri g\u00f6rebilirsiniz.<\/p>\n","protected":false},"excerpt":{"rendered":"<ul>\n<li>Atiker Marka lpg beyinlerin onar\u0131m\u0131.G\u00f6rsel i\u00e7eriklerde b\u00fcnyemizde Simalat\u00f6r ve onar\u0131m\u0131 mevcut modelleri g\u00f6rebilirsiniz.<\/li>\n<\/ul>\n","protected":false},"featured_media":19749,"template":"","meta":{"_monsterinsights_skip_tracking":false,"_monsterinsights_sitenote_active":false,"_monsterinsights_sitenote_note":"","_monsterinsights_sitenote_category":0},"product_cat":[18],"product_tag":[],"aioseo_notices":[],"_links":{"self":[{"href":"https:\/\/nilmekatronik.com\/index.php\/wp-json\/wp\/v2\/product\/17195"}],"collection":[{"href":"https:\/\/nilmekatronik.com\/index.php\/wp-json\/wp\/v2\/product"}],"about":[{"href":"https:\/\/nilmekatronik.com\/index.php\/wp-json\/wp\/v2\/types\/product"}],"wp:featuredmedia":[{"embeddable":true,"href":"https:\/\/nilmekatronik.com\/index.php\/wp-json\/wp\/v2\/media\/19749"}],"wp:attachment":[{"href":"https:\/\/nilmekatronik.com\/index.php\/wp-json\/wp\/v2\/media?parent=17195"}],"wp:term":[{"taxonomy":"product_cat","embeddable":true,"href":"https:\/\/nilmekatronik.com\/index.php\/wp-json\/wp\/v2\/product_cat?post=17195"},{"taxonomy":"product_tag","embeddable":true,"href":"https:\/\/nilmekatronik.com\/index.php\/wp-json\/wp\/v2\/product_tag?post=17195"}],"curies":[{"name":"wp","href":"https:\/\/api.w.org\/{rel}","templated":true}]}}