{"id":19706,"date":"2020-07-24T18:34:11","date_gmt":"2020-07-24T18:34:11","guid":{"rendered":"https:\/\/nilmekatronik.com\/?post_type=product&#038;p=19706"},"modified":"2020-09-05T09:02:34","modified_gmt":"2020-09-05T09:02:34","slug":"seyyarlamba","status":"publish","type":"product","link":"https:\/\/nilmekatronik.com\/index.php\/urun\/seyyarlamba\/","title":{"rendered":"SEYYAR LAMBA"},"content":{"rendered":"<div class=\"dt-sc-hr-invisible-very-small\"><\/div>\n<div class=\"project-details\">\n<h6>Teknik :<\/h6>\n<ul class=\"client-details\">\n<li>12 Volt.<\/li>\n<li>\u00d6zel tasar\u0131m.<\/li>\n<li>Y\u00fcksek ayd\u0131nlatma.<\/li>\n<li>Kaput tutacak.<\/li>\n<li>\u00d6zel metal g\u00f6vde.<\/li>\n<li>M\u0131knat\u0131sl\u0131 ba\u015fl\u0131klar<\/li>\n<\/ul>\n<\/div>\n","protected":false},"excerpt":{"rendered":"<div class=\"dt-sc-hr-invisible-very-small\"><\/div>\n<div class=\"project-details\">\n<h6>Teknik :<\/h6>\n<ul class=\"client-details\">\n<li>12 Volt.<\/li>\n<li>\u00d6zel tasar\u0131m.<\/li>\n<li>Y\u00fcksek ayd\u0131nlatma.<\/li>\n<li>Kaput tutacak.<\/li>\n<li>\u00d6zel metal g\u00f6vde.<\/li>\n<li>M\u0131knat\u0131sl\u0131 ba\u015fl\u0131klar<\/li>\n<\/ul>\n<\/div>\n","protected":false},"featured_media":20207,"template":"","meta":{"_monsterinsights_skip_tracking":false,"_monsterinsights_sitenote_active":false,"_monsterinsights_sitenote_note":"","_monsterinsights_sitenote_category":0},"product_cat":[75],"product_tag":[326,295],"aioseo_notices":[],"_links":{"self":[{"href":"https:\/\/nilmekatronik.com\/index.php\/wp-json\/wp\/v2\/product\/19706"}],"collection":[{"href":"https:\/\/nilmekatronik.com\/index.php\/wp-json\/wp\/v2\/product"}],"about":[{"href":"https:\/\/nilmekatronik.com\/index.php\/wp-json\/wp\/v2\/types\/product"}],"wp:featuredmedia":[{"embeddable":true,"href":"https:\/\/nilmekatronik.com\/index.php\/wp-json\/wp\/v2\/media\/20207"}],"wp:attachment":[{"href":"https:\/\/nilmekatronik.com\/index.php\/wp-json\/wp\/v2\/media?parent=19706"}],"wp:term":[{"taxonomy":"product_cat","embeddable":true,"href":"https:\/\/nilmekatronik.com\/index.php\/wp-json\/wp\/v2\/product_cat?post=19706"},{"taxonomy":"product_tag","embeddable":true,"href":"https:\/\/nilmekatronik.com\/index.php\/wp-json\/wp\/v2\/product_tag?post=19706"}],"curies":[{"name":"wp","href":"https:\/\/api.w.org\/{rel}","templated":true}]}}