{"id":19716,"date":"2018-07-25T06:55:29","date_gmt":"2018-07-25T06:55:29","guid":{"rendered":"https:\/\/nilmekatronik.com\/?post_type=product&#038;p=19716"},"modified":"2024-02-22T14:37:13","modified_gmt":"2024-02-22T14:37:13","slug":"nil-lpg-cng-ariza-tespit-cihazi","status":"publish","type":"product","link":"https:\/\/nilmekatronik.com\/index.php\/urun\/nil-lpg-cng-ariza-tespit-cihazi\/","title":{"rendered":"Nil LPG-CNG ARIZA TESP\u0130T C\u0130HAZI"},"content":{"rendered":"<h4>Nil LPG-CNG ARIZA TESP\u0130T C\u0130HAZI \u00d6ZELL\u0130KLER<\/h4>\n<h5>ECU TEST<\/h5>\n<p>&nbsp;<\/p>\n<ul>\n<li>Markalara uyumlu mod\u00fcller sayesinde ar\u0131zalanmas\u0131 m\u00fcmk\u00fcn olmayan elektronik kontrol \u00fcnitesi.<\/li>\n<\/ul>\n<p>&nbsp;<\/p>\n<h5>Enjekt\u00f6r TEST<\/h5>\n<p>&nbsp;<\/p>\n<ul>\n<li>Ohm de\u011fer test, Ak\u0131m de\u011fer(amper) test, Gaz bas\u0131n\u00e7 test, A\u00e7\u0131k devre test, K\u0131sa devre test.<\/li>\n<\/ul>\n<p>&nbsp;<\/p>\n<h5>Anahtar TEST<\/h5>\n<p>&nbsp;<\/p>\n<ul>\n<li>Depo seviye test, Anahtar(button)test, Ge\u00e7i\u015f ses(buzzer)test, Besleme(volt) test.<\/li>\n<\/ul>\n<p>&nbsp;<\/p>\n<h5>Reg\u00fclat\u00f6r TEST<\/h5>\n<p>&nbsp;<\/p>\n<ul>\n<li>Gaz bas\u0131n\u00e7 de\u011fer test (ka\u00e7ak gaz)<\/li>\n<\/ul>\n<p>&nbsp;<\/p>\n<h5>Sens\u00f6r TEST<\/h5>\n<p>&nbsp;<\/p>\n<ul>\n<li>Depo seviye, Bas\u0131n\u00e7, Su \u0131s\u0131, Gaz \u0131s\u0131, Emi\u015f sens\u00f6rleri a\u00e7\u0131k devre ve k\u0131sa devre test.<\/li>\n<\/ul>\n<p>&nbsp;<\/p>\n<h5>Kesici TEST<\/h5>\n<p>&nbsp;<\/p>\n<ul>\n<li>Ohm de\u011fer test, Ak\u0131m(amper) test, A\u00e7\u0131k devre test, K\u0131sa devre test.<\/li>\n<\/ul>\n<p>&nbsp;<\/p>\n<h5>\u00d6l\u00e7\u00fcmler<\/h5>\n<p>&nbsp;<\/p>\n<ul>\n<li>Volt de\u011fer \u00f6l\u00e7\u00fcm\u00fc, Milisaniye de\u011fer \u00f6l\u00e7\u00fcm\u00fc, Devir de\u011fer \u00f6l\u00e7\u00fcm\u00fc(RPM)<\/li>\n<\/ul>\n<p>&nbsp;<\/p>\n<h5>Genel \u00d6zellikler<\/h5>\n<p>&nbsp;<\/p>\n<ul>\n<li>Markalar\u0131n elektrik tesisat soket \u015femalar\u0131<\/li>\n<li>M\u00fc\u015fteri ve ara\u00e7 konfigurasyon kay\u0131t olu\u015fturma.<\/li>\n<li>Bluetooth ve usb interface ba\u011flant\u0131 se\u00e7enekleri.<\/li>\n<\/ul>\n<p>&nbsp;<\/p>\n","protected":false},"excerpt":{"rendered":"<h4>Nil LPG-CNG ARIZA TESP\u0130T C\u0130HAZI<\/h4>\n<h6>Nil Mekatronik A.\u015e. AR-GE uzmanlar\u0131 taraf\u0131ndan donan\u0131m ve yaz\u0131l\u0131m\u0131n\u0131n geli\u015ftirdi\u011fi LPG\/CNG Ar\u0131za tespit cihaz\u0131n\u0131 sekt\u00f6rde bulunan profesyonellerin hizmetine sunuyoruz.<\/h6>\n<div class=\"dt-sc-hr-invisible-very-small\"><\/div>\n<div class=\"project-details\">\n<h6>Ayr\u0131nt\u0131lar\u0131 i\u00e7in sayfay\u0131 a\u015f\u015fa\u011f\u0131 kayd\u0131r\u0131n<\/h6>\n<h6>Nil LPG Test Cihaz\u0131 kur program\u0131n\u0131<a href=\"https:\/\/nilmekatronik.com\/kur.zip\"> indirmek i\u00e7in t\u0131klay\u0131n<\/a><\/h6>\n<ul class=\"client-details\">\n<li>Ecu Test<\/li>\n<li>Enjekt\u00f6r Test<\/li>\n<li>Anahtar Test<\/li>\n<li>Reg\u00fclat\u00f6r Test<\/li>\n<li>Sens\u00f6rler Test<\/li>\n<li>Kesici Test<\/li>\n<li>Lpg&#8217;ye Ge\u00e7i\u015f Test<\/li>\n<li>De\u011fer \u00d6l\u00e7\u00fcmleri<\/li>\n<li>Soket \u015eemalar\u0131<\/li>\n<\/ul>\n<\/div>\n","protected":false},"featured_media":19718,"template":"","meta":{"_monsterinsights_skip_tracking":false,"_monsterinsights_sitenote_active":false,"_monsterinsights_sitenote_note":"","_monsterinsights_sitenote_category":0},"product_cat":[75],"product_tag":[246],"aioseo_notices":[],"_links":{"self":[{"href":"https:\/\/nilmekatronik.com\/index.php\/wp-json\/wp\/v2\/product\/19716"}],"collection":[{"href":"https:\/\/nilmekatronik.com\/index.php\/wp-json\/wp\/v2\/product"}],"about":[{"href":"https:\/\/nilmekatronik.com\/index.php\/wp-json\/wp\/v2\/types\/product"}],"wp:featuredmedia":[{"embeddable":true,"href":"https:\/\/nilmekatronik.com\/index.php\/wp-json\/wp\/v2\/media\/19718"}],"wp:attachment":[{"href":"https:\/\/nilmekatronik.com\/index.php\/wp-json\/wp\/v2\/media?parent=19716"}],"wp:term":[{"taxonomy":"product_cat","embeddable":true,"href":"https:\/\/nilmekatronik.com\/index.php\/wp-json\/wp\/v2\/product_cat?post=19716"},{"taxonomy":"product_tag","embeddable":true,"href":"https:\/\/nilmekatronik.com\/index.php\/wp-json\/wp\/v2\/product_tag?post=19716"}],"curies":[{"name":"wp","href":"https:\/\/api.w.org\/{rel}","templated":true}]}}