{"id":19733,"date":"2021-01-02T07:13:59","date_gmt":"2021-01-02T07:13:59","guid":{"rendered":"https:\/\/nilmekatronik.com\/?post_type=product&#038;p=19733"},"modified":"2021-06-04T12:43:22","modified_gmt":"2021-06-04T12:43:22","slug":"dremel-gazli-havya","status":"publish","type":"product","link":"https:\/\/nilmekatronik.com\/index.php\/urun\/dremel-gazli-havya\/","title":{"rendered":"Dremel Havya"},"content":{"rendered":"<p>6 farkl\u0131 uygulama i\u00e7in tek bir alet: lehimleme, eritme, s\u0131cak kesim, kaynak, b\u00fczme ve yakma resim (pirograv\u00fcr). Her an kullan\u0131ma haz\u0131r. Her an her yerde kullan\u0131n. Ayr\u0131nt\u0131l\u0131 ve kar\u0131\u015f\u0131k i\u015flerin yap\u0131lmas\u0131n\u0131 sa\u011flar. Uzun \u00f6m\u00fcrl\u00fc.<\/p>\n","protected":false},"excerpt":{"rendered":"<p>6 farkl\u0131 uygulama i\u00e7in tek bir alet: lehimleme, eritme, s\u0131cak kesim, kaynak, b\u00fczme ve yakma resim (pirograv\u00fcr). Her an kullan\u0131ma haz\u0131r. Her an her yerde kullan\u0131n. Ayr\u0131nt\u0131l\u0131 ve kar\u0131\u015f\u0131k i\u015flerin yap\u0131lmas\u0131n\u0131 sa\u011flar. Uzun \u00f6m\u00fcrl\u00fc.<\/p>\n<div class=\"mrgb20\">\n<ul>\n<li>Dremel VersaTip<\/li>\n<li>Lehimleme ucu<\/li>\n<li>Kesme b\u0131\u00e7a\u011f\u0131<\/li>\n<li>S\u0131cak testere<\/li>\n<li>Yass\u0131, geni\u015f \u0131s\u0131tma kafas\u0131<\/li>\n<li>Reflekt\u00f6r<\/li>\n<\/ul>\n<ul>\n<li>S\u0131cak hava \u00fcfleme kafas\u0131<\/li>\n<li>Mavi kapakl\u0131 lehimleme ucu<\/li>\n<li>Lehimleme s\u00fcngeri+ s\u00fcnger kutusu<\/li>\n<li>Kullan\u0131m k\u0131lavuzu<\/li>\n<li>Sac saklama \u00e7antas\u0131<\/li>\n<\/ul>\n<div class=\"clrL\"><\/div>\n<\/div>\n<div class=\"mrgb20\">\n<div class=\"clrL\"><\/div>\n<dl class=\"noBP\">\n<dd><\/dd>\n<\/dl>\n<div class=\"clrL\"><\/div>\n<\/div>\n","protected":false},"featured_media":19734,"template":"","meta":{"_monsterinsights_skip_tracking":false,"_monsterinsights_sitenote_active":false,"_monsterinsights_sitenote_note":"","_monsterinsights_sitenote_category":0},"product_cat":[75],"product_tag":[372,373,371,374,375,377,376,378],"aioseo_notices":[],"_links":{"self":[{"href":"https:\/\/nilmekatronik.com\/index.php\/wp-json\/wp\/v2\/product\/19733"}],"collection":[{"href":"https:\/\/nilmekatronik.com\/index.php\/wp-json\/wp\/v2\/product"}],"about":[{"href":"https:\/\/nilmekatronik.com\/index.php\/wp-json\/wp\/v2\/types\/product"}],"wp:featuredmedia":[{"embeddable":true,"href":"https:\/\/nilmekatronik.com\/index.php\/wp-json\/wp\/v2\/media\/19734"}],"wp:attachment":[{"href":"https:\/\/nilmekatronik.com\/index.php\/wp-json\/wp\/v2\/media?parent=19733"}],"wp:term":[{"taxonomy":"product_cat","embeddable":true,"href":"https:\/\/nilmekatronik.com\/index.php\/wp-json\/wp\/v2\/product_cat?post=19733"},{"taxonomy":"product_tag","embeddable":true,"href":"https:\/\/nilmekatronik.com\/index.php\/wp-json\/wp\/v2\/product_tag?post=19733"}],"curies":[{"name":"wp","href":"https:\/\/api.w.org\/{rel}","templated":true}]}}