{"id":19736,"date":"2009-07-25T07:58:49","date_gmt":"2009-07-25T07:58:49","guid":{"rendered":"https:\/\/nilmekatronik.com\/?post_type=product&#038;p=19736"},"modified":"2020-08-16T05:52:17","modified_gmt":"2020-08-16T05:52:17","slug":"nil_enjektor_test","status":"publish","type":"product","link":"https:\/\/nilmekatronik.com\/index.php\/urun\/nil_enjektor_test\/","title":{"rendered":"Nil Enjekt\u00f6r Test Cihaz\u0131"},"content":{"rendered":"<p><b>Stoklar\u0131m\u0131z T\u00fckenmi\u015ftir<\/b><\/p>\n","protected":false},"excerpt":{"rendered":"<p><b>Stoklar\u0131m\u0131z T\u00fckenmi\u015ftir.<\/b><\/p>\n","protected":false},"featured_media":19737,"template":"","meta":{"_monsterinsights_skip_tracking":false,"_monsterinsights_sitenote_active":false,"_monsterinsights_sitenote_note":"","_monsterinsights_sitenote_category":0},"product_cat":[75],"product_tag":[],"aioseo_notices":[],"_links":{"self":[{"href":"https:\/\/nilmekatronik.com\/index.php\/wp-json\/wp\/v2\/product\/19736"}],"collection":[{"href":"https:\/\/nilmekatronik.com\/index.php\/wp-json\/wp\/v2\/product"}],"about":[{"href":"https:\/\/nilmekatronik.com\/index.php\/wp-json\/wp\/v2\/types\/product"}],"wp:featuredmedia":[{"embeddable":true,"href":"https:\/\/nilmekatronik.com\/index.php\/wp-json\/wp\/v2\/media\/19737"}],"wp:attachment":[{"href":"https:\/\/nilmekatronik.com\/index.php\/wp-json\/wp\/v2\/media?parent=19736"}],"wp:term":[{"taxonomy":"product_cat","embeddable":true,"href":"https:\/\/nilmekatronik.com\/index.php\/wp-json\/wp\/v2\/product_cat?post=19736"},{"taxonomy":"product_tag","embeddable":true,"href":"https:\/\/nilmekatronik.com\/index.php\/wp-json\/wp\/v2\/product_tag?post=19736"}],"curies":[{"name":"wp","href":"https:\/\/api.w.org\/{rel}","templated":true}]}}