{"id":20086,"date":"2020-08-16T18:46:51","date_gmt":"2020-08-16T18:46:51","guid":{"rendered":"https:\/\/nilmekatronik.com\/?post_type=product&#038;p=20086"},"modified":"2020-09-26T06:50:07","modified_gmt":"2020-09-26T06:50:07","slug":"sarjli-lamba","status":"publish","type":"product","link":"https:\/\/nilmekatronik.com\/index.php\/urun\/sarjli-lamba\/","title":{"rendered":"\u015earjl\u0131 Lamba"},"content":{"rendered":"<p>\u015eARJLI MIKNATISLI SEYYAR LAMBA<\/p>\n","protected":false},"excerpt":{"rendered":"<p>\u015eARJLI MIKNATISLI SEYYAR LAMBA<\/p>\n","protected":false},"featured_media":20204,"template":"","meta":{"_monsterinsights_skip_tracking":false,"_monsterinsights_sitenote_active":false,"_monsterinsights_sitenote_note":"","_monsterinsights_sitenote_category":0},"product_cat":[75],"product_tag":[325,324,294,295],"aioseo_notices":[],"_links":{"self":[{"href":"https:\/\/nilmekatronik.com\/index.php\/wp-json\/wp\/v2\/product\/20086"}],"collection":[{"href":"https:\/\/nilmekatronik.com\/index.php\/wp-json\/wp\/v2\/product"}],"about":[{"href":"https:\/\/nilmekatronik.com\/index.php\/wp-json\/wp\/v2\/types\/product"}],"wp:featuredmedia":[{"embeddable":true,"href":"https:\/\/nilmekatronik.com\/index.php\/wp-json\/wp\/v2\/media\/20204"}],"wp:attachment":[{"href":"https:\/\/nilmekatronik.com\/index.php\/wp-json\/wp\/v2\/media?parent=20086"}],"wp:term":[{"taxonomy":"product_cat","embeddable":true,"href":"https:\/\/nilmekatronik.com\/index.php\/wp-json\/wp\/v2\/product_cat?post=20086"},{"taxonomy":"product_tag","embeddable":true,"href":"https:\/\/nilmekatronik.com\/index.php\/wp-json\/wp\/v2\/product_tag?post=20086"}],"curies":[{"name":"wp","href":"https:\/\/api.w.org\/{rel}","templated":true}]}}