{"id":20178,"date":"2021-02-03T06:29:37","date_gmt":"2021-02-03T06:29:37","guid":{"rendered":"https:\/\/nilmekatronik.com\/?post_type=product&#038;p=20178"},"modified":"2023-11-01T14:20:39","modified_gmt":"2023-11-01T14:20:39","slug":"kontrol_kalemi","status":"publish","type":"product","link":"https:\/\/nilmekatronik.com\/index.php\/urun\/kontrol_kalemi\/","title":{"rendered":"N\u0130L OTO TEST D\u0130J\u0130TAL \u00d6L\u00c7\u00dc ALET\u0130"},"content":{"rendered":"<p>Contents:<\/p>\n<p>* Determines Petrol \u2002injector signals<\/p>\n<p>* Determines RPM \u2002signal<\/p>\n<p>* DC 1-50V test measurement<\/p>\n<p>* High brightness screen &amp; Leds<\/p>\n<p>* Doesn&#8217;t harm any electronic components<\/p>\n<p>* Special design body<\/p>\n<p>* Isolated commect\u2002on clips<\/p>\n<p>&nbsp;<\/p>\n","protected":false},"excerpt":{"rendered":"<p><strong>\u00d6zellikler :<\/strong><\/p>\n<p>* Benzin enjekt\u00f6r milisaniye de\u011ferlerini \u00f6l\u00e7er.<\/p>\n<p>* Sens\u00f6r de\u011ferlerini \u00f6l\u00e7er.<\/p>\n<p>* RPM (Devir) sinyallerini \u00f6l\u00e7er, test eder.<\/p>\n<p>* Benzin &amp; Gaz enjekt\u00f6r sinyallerini\u2002test eder.<\/p>\n<p>* DC 1- 50V aras\u0131 \u00f6l\u00e7\u00fcm de\u011ferlerini g\u00f6sterir.<\/p>\n<p>* Hassas elektronik bile\u015fenlere zarar vermez.<\/p>\n<p>* Y\u00f6ns\u00fcz timsah ba\u011flant\u0131 u\u00e7lar\u0131.<\/p>\n<p>* \u00d6zel tasar\u0131m g\u00f6vde.<\/p>\n<p>* Y\u00fcksek ayd\u0131nlatma(+) K\u0131rm\u0131z\u0131 (-) Mavi\u2002led lambalar.<\/p>\n<p>* Nil Mekatronik A.\u015e. taraf\u0131ndan \u00fcst d\u00fczey kaliteli\u2002\u00fcr\u00fcnler ile \u00fcretilmi\u015ftir.<\/p>\n[embed]https:\/\/youtu.be\/LuxFPSCmWvE[\/embed]\n","protected":false},"featured_media":20216,"template":"","meta":{"_monsterinsights_skip_tracking":false,"_monsterinsights_sitenote_active":false,"_monsterinsights_sitenote_note":"","_monsterinsights_sitenote_category":0},"product_cat":[75],"product_tag":[304,301,241,299,307,306,303,302,300,298,305],"aioseo_notices":[],"_links":{"self":[{"href":"https:\/\/nilmekatronik.com\/index.php\/wp-json\/wp\/v2\/product\/20178"}],"collection":[{"href":"https:\/\/nilmekatronik.com\/index.php\/wp-json\/wp\/v2\/product"}],"about":[{"href":"https:\/\/nilmekatronik.com\/index.php\/wp-json\/wp\/v2\/types\/product"}],"wp:featuredmedia":[{"embeddable":true,"href":"https:\/\/nilmekatronik.com\/index.php\/wp-json\/wp\/v2\/media\/20216"}],"wp:attachment":[{"href":"https:\/\/nilmekatronik.com\/index.php\/wp-json\/wp\/v2\/media?parent=20178"}],"wp:term":[{"taxonomy":"product_cat","embeddable":true,"href":"https:\/\/nilmekatronik.com\/index.php\/wp-json\/wp\/v2\/product_cat?post=20178"},{"taxonomy":"product_tag","embeddable":true,"href":"https:\/\/nilmekatronik.com\/index.php\/wp-json\/wp\/v2\/product_tag?post=20178"}],"curies":[{"name":"wp","href":"https:\/\/api.w.org\/{rel}","templated":true}]}}