{"id":20409,"date":"2021-01-16T06:52:43","date_gmt":"2021-01-16T06:52:43","guid":{"rendered":"https:\/\/nilmekatronik.com\/?post_type=product&#038;p=20409"},"modified":"2021-06-18T07:04:33","modified_gmt":"2021-06-18T07:04:33","slug":"greyder-gd-390-sarjli-el-lambasi","status":"publish","type":"product","link":"https:\/\/nilmekatronik.com\/index.php\/urun\/greyder-gd-390-sarjli-el-lambasi\/","title":{"rendered":"Greyder Gd 390  \u015earjl\u0131 El Lambas\u0131"},"content":{"rendered":"<p>Greyder GD 390 \u015earjl\u0131 el lambas\u0131.<\/p>\n<p>Yeni nesil enerji tasarruflu fakat y\u00fcksek \u0131\u015f\u0131k sa\u011flayan led teknolojisi<\/p>\n<p>USB ile k\u0131sa s\u00fcrede \u015farj imkan\u0131<\/p>\n","protected":false},"excerpt":{"rendered":"<p>Greyder GD 390 \u015earjl\u0131 el lambas\u0131.<\/p>\n<p>Yeni nesil enerji tasarruflu fakat y\u00fcksek \u0131\u015f\u0131k sa\u011flayan led teknolojisi<\/p>\n<p>USB ile k\u0131sa s\u00fcrede \u015farj imkan\u0131<\/p>\n","protected":false},"featured_media":20410,"template":"","meta":{"_monsterinsights_skip_tracking":false,"_monsterinsights_sitenote_active":false,"_monsterinsights_sitenote_note":"","_monsterinsights_sitenote_category":0},"product_cat":[75],"product_tag":[391,390,325,324,389,294,295],"aioseo_notices":[],"_links":{"self":[{"href":"https:\/\/nilmekatronik.com\/index.php\/wp-json\/wp\/v2\/product\/20409"}],"collection":[{"href":"https:\/\/nilmekatronik.com\/index.php\/wp-json\/wp\/v2\/product"}],"about":[{"href":"https:\/\/nilmekatronik.com\/index.php\/wp-json\/wp\/v2\/types\/product"}],"wp:featuredmedia":[{"embeddable":true,"href":"https:\/\/nilmekatronik.com\/index.php\/wp-json\/wp\/v2\/media\/20410"}],"wp:attachment":[{"href":"https:\/\/nilmekatronik.com\/index.php\/wp-json\/wp\/v2\/media?parent=20409"}],"wp:term":[{"taxonomy":"product_cat","embeddable":true,"href":"https:\/\/nilmekatronik.com\/index.php\/wp-json\/wp\/v2\/product_cat?post=20409"},{"taxonomy":"product_tag","embeddable":true,"href":"https:\/\/nilmekatronik.com\/index.php\/wp-json\/wp\/v2\/product_tag?post=20409"}],"curies":[{"name":"wp","href":"https:\/\/api.w.org\/{rel}","templated":true}]}}