{"id":20441,"date":"2021-01-15T16:42:13","date_gmt":"2021-01-15T16:42:13","guid":{"rendered":"https:\/\/nilmekatronik.com\/?post_type=product&#038;p=20441"},"modified":"2022-12-09T09:42:20","modified_gmt":"2022-12-09T09:42:20","slug":"arm-sarjli-lamba-179","status":"publish","type":"product","link":"https:\/\/nilmekatronik.com\/index.php\/urun\/arm-sarjli-lamba-179\/","title":{"rendered":"ARM \u015earjl\u0131 Lamba 179"},"content":{"rendered":"<p>Arm Profesyonel Esen 179 Serisi\u00a0 yada Mor \u0131\u015f\u0131kl\u0131 LED fener olarak bilinen \u00fcr\u00fcn\u00fcm\u00fcz<br \/>\nG\u00fc\u00e7l\u00fc Manyetik Tasar\u0131m sayesinde metal olan her y\u00fczeye yap\u0131\u015ft\u0131rabilirsiniz bu sayede i\u015f verimlili\u011finizde artar<br \/>\nUltraviyole I\u015f\u0131kl\u0131 olan bu \u00fcr\u00fcn\u00fcm\u00fcz klima ka\u00e7a\u011f\u0131 tespiti, sahte para kontrol\u00fc, yapabilirsiniz ayr\u0131ca ultraviyole \u0131\u015f\u0131k sayesinde bakteriden ar\u0131nm\u0131\u015f ortamlar sa\u011flayabilirsiniz.<br \/>\n450 L\u00fcmen Ayd\u0131nlatma \u00a0ve H\u0131zl\u0131 \u015farj \u00f6zelli\u011fi ile Premium d\u00fczeyde i\u015f g\u00fcc\u00fcn\u00fcz\u00fc art\u0131racakt\u0131r.<\/p>\n","protected":false},"excerpt":{"rendered":"<p>&nbsp;<\/p>\n[video width=\"720\" height=\"354\" mp4=\"https:\/\/nilmekatronik.com\/wp-content\/uploads\/2021\/01\/arm179_nil.mp4\"][\/video]\n<p>&nbsp;<\/p>\n<p>Arm Profesyonel Esen 179 Serisi\u00a0 yada Mor \u0131\u015f\u0131kl\u0131 LED fener olarak bilinen \u00fcr\u00fcn\u00fcm\u00fcz<br \/>\nG\u00fc\u00e7l\u00fc Manyetik Tasar\u0131m sayesinde metal olan her y\u00fczeye yap\u0131\u015ft\u0131rabilirsiniz bu sayede i\u015f verimlili\u011finizde artar<br \/>\nUltraviyole I\u015f\u0131kl\u0131 olan bu \u00fcr\u00fcn\u00fcm\u00fcz klima ka\u00e7a\u011f\u0131 tespiti, sahte para kontrol\u00fc, yapabilirsiniz ayr\u0131ca ultraviyole \u0131\u015f\u0131k sayesinde bakteriden ar\u0131nm\u0131\u015f ortamlar sa\u011flayabilirsiniz.<br \/>\n450 L\u00fcmen Ayd\u0131nlatma \u00a0ve H\u0131zl\u0131 \u015farj \u00f6zelli\u011fi ile Premium d\u00fczeyde i\u015f g\u00fcc\u00fcn\u00fcz\u00fc art\u0131racakt\u0131r.<\/p>\n","protected":false},"featured_media":20478,"template":"","meta":{"_monsterinsights_skip_tracking":false,"_monsterinsights_sitenote_active":false,"_monsterinsights_sitenote_note":"","_monsterinsights_sitenote_category":0},"product_cat":[75],"product_tag":[391,425,390,424,325,324,423,294,295],"aioseo_notices":[],"_links":{"self":[{"href":"https:\/\/nilmekatronik.com\/index.php\/wp-json\/wp\/v2\/product\/20441"}],"collection":[{"href":"https:\/\/nilmekatronik.com\/index.php\/wp-json\/wp\/v2\/product"}],"about":[{"href":"https:\/\/nilmekatronik.com\/index.php\/wp-json\/wp\/v2\/types\/product"}],"wp:featuredmedia":[{"embeddable":true,"href":"https:\/\/nilmekatronik.com\/index.php\/wp-json\/wp\/v2\/media\/20478"}],"wp:attachment":[{"href":"https:\/\/nilmekatronik.com\/index.php\/wp-json\/wp\/v2\/media?parent=20441"}],"wp:term":[{"taxonomy":"product_cat","embeddable":true,"href":"https:\/\/nilmekatronik.com\/index.php\/wp-json\/wp\/v2\/product_cat?post=20441"},{"taxonomy":"product_tag","embeddable":true,"href":"https:\/\/nilmekatronik.com\/index.php\/wp-json\/wp\/v2\/product_tag?post=20441"}],"curies":[{"name":"wp","href":"https:\/\/api.w.org\/{rel}","templated":true}]}}