{"id":20484,"date":"2022-11-22T09:34:08","date_gmt":"2022-11-22T09:34:08","guid":{"rendered":"https:\/\/nilmekatronik.com\/?post_type=product&#038;p=20484"},"modified":"2022-11-22T10:10:04","modified_gmt":"2022-11-22T10:10:04","slug":"jl269-gaz-dedektoru","status":"publish","type":"product","link":"https:\/\/nilmekatronik.com\/index.php\/urun\/jl269-gaz-dedektoru\/","title":{"rendered":"JL269 GAZ DEDEKT\u00d6R\u00dc"},"content":{"rendered":"<p>Teknik \u00d6zellikler<\/p>\n<ul>\n<li>Sens\u00f6r tipi : Yar\u0131 iletken gaz sens\u00f6r\u00fc.<\/li>\n<li>Alg\u0131lanan gaz : Yan\u0131c\u0131\/patlay\u0131c\u0131\/parlay\u0131c\u0131 gazlar.<\/li>\n<li>\u00d6l\u00e7\u00fcm aral\u0131\u011f\u0131 : 0-30.000 ppm CH4, 0-60% LEL , 0,3.0% VOL.<\/li>\n<li>\u00d6rnekleme metodu : Do\u011fal yay\u0131lma.<\/li>\n<li>Hassasiyet : 50 ppm<\/li>\n<li>\u00c7al\u0131\u015fma ko\u015fullar\u0131 : S\u0131cakl\u0131k -10 -55 c \u00a0Nem &lt;95% RH<\/li>\n<li>Saklama ko\u015fullar\u0131 : S\u0131cakl\u0131k -30 -605 c Nem &lt;93% RH<\/li>\n<li>Tepkime s\u00fcresi : &lt;5S<\/li>\n<li>G\u00f6sterge: LCD ekran ve de\u011fi\u015fen \u015fiddetlerde sesli alarm.<\/li>\n<li>Batarya \u015farj s\u00fcresi : 4-6 Saat .<\/li>\n<li>S\u00fcrekli \u00c7al\u0131\u015fma S\u00fcresi : En az 8 saat (normal ortam ko\u015fullar\u0131nsa).<\/li>\n<li>Sens\u00f6r \u00f6mr\u00fc : 2 Y\u0131l (kullan\u0131ma ba\u011fl\u0131 de\u011fi\u015fkenlik g\u00f6sterebilir).<\/li>\n<li>Besleme : 3.6V Ni-MH 1600 mAh \u015farj edilebilir batarya<\/li>\n<li>A\u011f\u0131rl\u0131k : 1Kg<\/li>\n<li>Boyutlar : 180mmx72mmx35.5mm<\/li>\n<\/ul>\n","protected":false},"excerpt":{"rendered":"<p>LIFESENSE-D Portatif gaz hatt\u0131 dedekt\u00f6r\u00fc, ortamda bulunabilecek yan\u0131c\u0131\/patlay\u0131c\u0131\/parlay\u0131c\u0131 \u00f6zellikte 10 farkl\u0131 gaz\u0131n ka\u00e7ak tespitinde kullan\u0131lan dengeli ve y\u00fcksek performansl\u0131 bir cihazd\u0131r. Metan \/ Do\u011falgaz \/ Propan \/ LPG \/ Hidrojen ve benzeri HC k\u00f6kenli patlay\u0131c\u0131 gazlar\u0131n ka\u00e7ak tespiti kolay bir \u015fekilde ve g\u00fcvenle ger\u00e7ekle\u015ftirebilirsiniz.<\/p>\n<p>Temel yap\u0131 ve fonksiyonlar\u0131 :<\/p>\n<ul>\n<li>Y\u00fcksek \u00c7\u00f6z\u00fcn\u00fcrl\u00fckte STN LCD g\u00f6sterge ekran\u0131.<\/li>\n<li>Ka\u00e7ak noktas\u0131n\u0131 s\u00fcratle tespit.<\/li>\n<li>kullan\u0131c\u0131 taraf\u0131ndan uygun gaz \u00f6l\u00e7\u00fcm aral\u0131\u011f\u0131 se\u00e7imi.<\/li>\n<li>D\u00fc\u015f\u00fck voltaj uyar\u0131s\u0131 ve otomatik kapanma fonksiyonu.<\/li>\n<li>K\u0131sa \u0131s\u0131nma s\u00fcresi ve \u00e7abuk tepkime.<\/li>\n<li>\u00d6l\u00e7\u00fclen gaz konsantrasyonuna g\u00f6re de\u011fi\u015fen \u015fiddetle sesli alarm.<\/li>\n<li>Kolay otomatik s\u0131f\u0131r ayarlama.<\/li>\n<li>\u00d6l\u00e7\u00fclen gaz seviyesinin pim cinsinden digital \u00e7ubuk diyagram olarak g\u00f6sterimi.<\/li>\n<\/ul>\n","protected":false},"featured_media":20485,"template":"","meta":{"_monsterinsights_skip_tracking":false,"_monsterinsights_sitenote_active":false,"_monsterinsights_sitenote_note":"","_monsterinsights_sitenote_category":0},"product_cat":[75],"product_tag":[431,429,428,426,427,430],"aioseo_notices":[],"_links":{"self":[{"href":"https:\/\/nilmekatronik.com\/index.php\/wp-json\/wp\/v2\/product\/20484"}],"collection":[{"href":"https:\/\/nilmekatronik.com\/index.php\/wp-json\/wp\/v2\/product"}],"about":[{"href":"https:\/\/nilmekatronik.com\/index.php\/wp-json\/wp\/v2\/types\/product"}],"wp:featuredmedia":[{"embeddable":true,"href":"https:\/\/nilmekatronik.com\/index.php\/wp-json\/wp\/v2\/media\/20485"}],"wp:attachment":[{"href":"https:\/\/nilmekatronik.com\/index.php\/wp-json\/wp\/v2\/media?parent=20484"}],"wp:term":[{"taxonomy":"product_cat","embeddable":true,"href":"https:\/\/nilmekatronik.com\/index.php\/wp-json\/wp\/v2\/product_cat?post=20484"},{"taxonomy":"product_tag","embeddable":true,"href":"https:\/\/nilmekatronik.com\/index.php\/wp-json\/wp\/v2\/product_tag?post=20484"}],"curies":[{"name":"wp","href":"https:\/\/api.w.org\/{rel}","templated":true}]}}