{"id":2882,"date":"2021-02-01T10:27:20","date_gmt":"2021-02-01T10:27:20","guid":{"rendered":"https:\/\/nilmekatronik.com\/?post_type=product&#038;p=2882"},"modified":"2021-06-04T12:34:05","modified_gmt":"2021-06-04T12:34:05","slug":"smart","status":"publish","type":"product","link":"https:\/\/nilmekatronik.com\/index.php\/urun\/smart\/","title":{"rendered":"N\u0130L LPG AKILLI PC BA\u011eLANTI KABLOSU"},"content":{"rendered":"<p><strong>Nil Smart Interface <\/strong>sayesinde LPG ba\u011flant\u0131 kablo sorunlar\u0131n\u0131z sona erecek.<\/p>\n<div class=\"project-details\">\n<h6>\u00d6zellikler :<\/h6>\n<p><span style=\"font-size: 16px;\">Se\u00e7enek butonu ile istenilen marka aray\u00fcz program\u0131 ile ba\u011flant\u0131 kurar.<\/span><\/p>\n<p style=\"text-align: left;\">Otomatik alg\u0131lama sistemi ile kendini korumaya al\u0131r<\/p>\n<p style=\"text-align: left;\">+12 Volt ve -GND Kontrol\u00fc yapar.<\/p>\n<p style=\"text-align: left;\">USB ba\u011flant\u0131 ile h\u0131zl\u0131 teknolojiye sahiptir.<\/p>\n<p style=\"text-align: left;\">3m ba\u011flant\u0131 kablo uzunlu\u011fu sayesinde rahat \u00e7al\u0131\u015fma imkan\u0131 sa\u011flar.<\/p>\n<\/div>\n","protected":false},"excerpt":{"rendered":"<p><strong>Nil Smart Interface <\/strong>sayesinde LPG ba\u011flant\u0131 kablo sorunlar\u0131n\u0131z sona erecek.<\/p>\n<div class=\"project-details\">\n<h6>\u00d6zellikler :<\/h6>\n<p><span style=\"font-size: 16px;\">Se\u00e7enek butonu ile istenilen marka aray\u00fcz program\u0131 ile ba\u011flant\u0131 kurar.<\/span><\/p>\n<p style=\"text-align: left;\">Otomatik alg\u0131lama sistemi ile kendini korumaya al\u0131r<\/p>\n<p style=\"text-align: left;\">+12 Volt ve -GND Kontrol\u00fc yapar.<\/p>\n<p style=\"text-align: left;\">USB ba\u011flant\u0131 ile h\u0131zl\u0131 teknolojiye sahiptir.<\/p>\n<p style=\"text-align: left;\">3m ba\u011flant\u0131 kablo uzunlu\u011fu sayesinde rahat \u00e7al\u0131\u015fma imkan\u0131 sa\u011flar.<\/p>\n<\/div>\n","protected":false},"featured_media":20202,"template":"","meta":{"_monsterinsights_skip_tracking":false,"_monsterinsights_sitenote_active":false,"_monsterinsights_sitenote_note":"","_monsterinsights_sitenote_category":0},"product_cat":[75],"product_tag":[172,173,174,175,176,177,178,179,180,181,182,183,184,185,186,187,188,189,190,191,192,193,194,195,196,197,198,199,200,201,202,204,205,203,206,207,208,229,228,209,210,211,212,213,214,215,216,217,218,219,220,221,222,223,224,225,226,227],"aioseo_notices":[],"_links":{"self":[{"href":"https:\/\/nilmekatronik.com\/index.php\/wp-json\/wp\/v2\/product\/2882"}],"collection":[{"href":"https:\/\/nilmekatronik.com\/index.php\/wp-json\/wp\/v2\/product"}],"about":[{"href":"https:\/\/nilmekatronik.com\/index.php\/wp-json\/wp\/v2\/types\/product"}],"wp:featuredmedia":[{"embeddable":true,"href":"https:\/\/nilmekatronik.com\/index.php\/wp-json\/wp\/v2\/media\/20202"}],"wp:attachment":[{"href":"https:\/\/nilmekatronik.com\/index.php\/wp-json\/wp\/v2\/media?parent=2882"}],"wp:term":[{"taxonomy":"product_cat","embeddable":true,"href":"https:\/\/nilmekatronik.com\/index.php\/wp-json\/wp\/v2\/product_cat?post=2882"},{"taxonomy":"product_tag","embeddable":true,"href":"https:\/\/nilmekatronik.com\/index.php\/wp-json\/wp\/v2\/product_tag?post=2882"}],"curies":[{"name":"wp","href":"https:\/\/api.w.org\/{rel}","templated":true}]}}