{"id":2891,"date":"2021-02-12T11:24:13","date_gmt":"2021-02-12T11:24:13","guid":{"rendered":"https:\/\/nilmekatronik.com\/?post_type=product&#038;p=2891"},"modified":"2023-08-07T06:44:33","modified_gmt":"2023-08-07T06:44:33","slug":"nilusbinterface","status":"publish","type":"product","link":"https:\/\/nilmekatronik.com\/index.php\/urun\/nilusbinterface\/","title":{"rendered":"N\u0130L USB LPG BA\u011eLANTI KABLOSU"},"content":{"rendered":"<p><strong>Nil LPG INTERFACE<\/strong>\u00a0ba\u011flant\u0131 kablosu (PC ara ba\u011flant\u0131 kablosu)Kablo uzunlu\u011fu 3m rahat \u00e7al\u0131\u015fma imkan\u0131 sa\u011flamaktad\u0131r. Ba\u011flant\u0131 \u015fekli direk USB, en son ve en h\u0131zl\u0131 teknolojiye sahiptir.<\/p>\n<div class=\"dt-sc-hr-invisible-very-small\"><\/div>\n<div class=\"project-details\">\n<h6>Kablonun Bilgisayara Tan\u0131t\u0131m\u0131(Driver) :<\/h6>\n<ul class=\"client-details\">\n<li>Windows7-8:S\u00fcr\u00fcc\u00fclerinin y\u00fcklenebilmesi i\u00e7in \u00f6nce bilgisayar\u0131n\u0131z\u0131n internet ba\u011flant\u0131s\u0131n\u0131n a\u00e7\u0131k oldu\u011fundan emin olun. Ek s\u00fcr\u00fcc\u00fc dosya gerekmez.<\/li>\n<li>internet olmamas\u0131 durumunda kullanabilece\u011finiz Driver dosyas\u0131n\u0131 buradan indirebilirsiniz. <a href=\"https:\/\/drive.google.com\/file\/d\/1xu5DMFltiTuWetwmLWwhfCskTE7b_Bcm\/view?usp=share_link\">\u0130ndir\u00a0<\/a><\/li>\n<\/ul>\n<\/div>\n<p>&nbsp;<\/p>\n","protected":false},"excerpt":{"rendered":"<p><strong>Nil LPG INTERFACE<\/strong>\u00a0ba\u011flant\u0131 kablosu (PC ara ba\u011flant\u0131 kablosu)Kablo uzunlu\u011fu 3m rahat \u00e7al\u0131\u015fma imkan\u0131 sa\u011flamaktad\u0131r. Ba\u011flant\u0131 \u015fekli direk USB, en son ve en h\u0131zl\u0131 teknolojiye sahiptir.<\/p>\n<div class=\"dt-sc-hr-invisible-very-small\"><\/div>\n<div class=\"project-details\">\n<h6>Kablonun Bilgisayara Tan\u0131t\u0131m\u0131(Driver) :<\/h6>\n<ul class=\"client-details\">\n<li>Windows7-8:S\u00fcr\u00fcc\u00fclerinin y\u00fcklenebilmesi i\u00e7in \u00f6nce bilgisayar\u0131n\u0131z\u0131n internet ba\u011flant\u0131s\u0131n\u0131n a\u00e7\u0131k oldu\u011fundan emin olun. Ek s\u00fcr\u00fcc\u00fc dosya gerekmez.<\/li>\n<li>Windows XP:S\u00fcr\u00fcc\u00fclerini y\u00fcklenenilmesi i\u00e7in a\u015fa\u011f\u0131daki link&#8217;ten gerekli driver dosyas\u0131n\u0131 indirebilirsiniz.<\/li>\n<li><strong>Windows XP: <a href=\"https:\/\/drive.google.com\/file\/d\/1xu5DMFltiTuWetwmLWwhfCskTE7b_Bcm\/view?usp=share_link\">Driver indirmek i\u00e7in t\u0131klay\u0131n<\/a><\/strong><\/li>\n<\/ul>\n<\/div>\n<p>&nbsp;<\/p>\n[embed]https:\/\/youtu.be\/UkvVg52xZZ4[\/embed]\n","protected":false},"featured_media":20198,"template":"","meta":{"_monsterinsights_skip_tracking":false,"_monsterinsights_sitenote_active":false,"_monsterinsights_sitenote_note":"","_monsterinsights_sitenote_category":0},"product_cat":[75],"product_tag":[322,323,235,237,236],"aioseo_notices":[],"_links":{"self":[{"href":"https:\/\/nilmekatronik.com\/index.php\/wp-json\/wp\/v2\/product\/2891"}],"collection":[{"href":"https:\/\/nilmekatronik.com\/index.php\/wp-json\/wp\/v2\/product"}],"about":[{"href":"https:\/\/nilmekatronik.com\/index.php\/wp-json\/wp\/v2\/types\/product"}],"wp:featuredmedia":[{"embeddable":true,"href":"https:\/\/nilmekatronik.com\/index.php\/wp-json\/wp\/v2\/media\/20198"}],"wp:attachment":[{"href":"https:\/\/nilmekatronik.com\/index.php\/wp-json\/wp\/v2\/media?parent=2891"}],"wp:term":[{"taxonomy":"product_cat","embeddable":true,"href":"https:\/\/nilmekatronik.com\/index.php\/wp-json\/wp\/v2\/product_cat?post=2891"},{"taxonomy":"product_tag","embeddable":true,"href":"https:\/\/nilmekatronik.com\/index.php\/wp-json\/wp\/v2\/product_tag?post=2891"}],"curies":[{"name":"wp","href":"https:\/\/api.w.org\/{rel}","templated":true}]}}