{"id":3385,"date":"2020-07-20T19:58:27","date_gmt":"2020-07-20T19:58:27","guid":{"rendered":"https:\/\/nilmekatronik.com\/?post_type=product&#038;p=3385"},"modified":"2020-09-05T07:35:58","modified_gmt":"2020-09-05T07:35:58","slug":"obd","status":"publish","type":"product","link":"https:\/\/nilmekatronik.com\/index.php\/urun\/obd\/","title":{"rendered":"N\u0130L OBD KABLOSU"},"content":{"rendered":"<p><strong>OBD Kablosu <\/strong>AEB Ve Atiker OBD cihazlar\u0131na uygun \u00fcretilmi\u015ftir.<\/p>\n","protected":false},"excerpt":{"rendered":"<p><strong>OBD Kablosu <\/strong>AEB Ve Atiker OBD cihazlar\u0131na uygun \u00fcretilmi\u015ftir.<\/p>\n","protected":false},"featured_media":20193,"template":"","meta":{"_monsterinsights_skip_tracking":false,"_monsterinsights_sitenote_active":false,"_monsterinsights_sitenote_note":"","_monsterinsights_sitenote_category":0},"product_cat":[75],"product_tag":[172,177,230,232,231],"aioseo_notices":[],"_links":{"self":[{"href":"https:\/\/nilmekatronik.com\/index.php\/wp-json\/wp\/v2\/product\/3385"}],"collection":[{"href":"https:\/\/nilmekatronik.com\/index.php\/wp-json\/wp\/v2\/product"}],"about":[{"href":"https:\/\/nilmekatronik.com\/index.php\/wp-json\/wp\/v2\/types\/product"}],"wp:featuredmedia":[{"embeddable":true,"href":"https:\/\/nilmekatronik.com\/index.php\/wp-json\/wp\/v2\/media\/20193"}],"wp:attachment":[{"href":"https:\/\/nilmekatronik.com\/index.php\/wp-json\/wp\/v2\/media?parent=3385"}],"wp:term":[{"taxonomy":"product_cat","embeddable":true,"href":"https:\/\/nilmekatronik.com\/index.php\/wp-json\/wp\/v2\/product_cat?post=3385"},{"taxonomy":"product_tag","embeddable":true,"href":"https:\/\/nilmekatronik.com\/index.php\/wp-json\/wp\/v2\/product_tag?post=3385"}],"curies":[{"name":"wp","href":"https:\/\/api.w.org\/{rel}","templated":true}]}}